{"id":2811,"date":"2018-02-19T06:59:17","date_gmt":"2018-02-19T06:59:17","guid":{"rendered":"http:\/\/localhost\/projects\/transexpo\/?page_id=2811"},"modified":"2021-09-23T15:59:36","modified_gmt":"2021-09-23T15:59:36","slug":"empresa","status":"publish","type":"page","link":"https:\/\/logisticapatonyprieto.com\/?page_id=2811","title":{"rendered":"Empresa"},"content":{"rendered":"<p>[vc_row el_class=\u00bbfive-seven-colum3&#8243;][vc_column]<div class=\"tm-element-heading-wrapper tm-heading-inner tm-element-align-left tm-seperator-solid tm-heading-style-vertical \"><section class=\"tm-vc_cta3-container\"><div class=\"tm-vc_general tm-vc_cta3 tm-cta3-only tm-vc_cta3-style-classic tm-vc_cta3-shape-rounded tm-vc_cta3-align-left tm-vc_cta3-color-transparent tm-vc_cta3-icon-size-md tm-vc_cta3-actions-no tm-cta3-without-desc\"><div class=\"tm-vc_cta3_content-container\"><div class=\"tm-vc_cta3-content\"><header class=\"tm-vc_cta3-content-header tm-wrap\"><div class=\"tm-vc_cta3-headers tm-wrap-cell\"><h2 class=\"tm-custom-heading \" >Log\u00edstica Pat\u00f3n &amp; Prieto<\/h2>\n<\/div><div class=\"heading-seperator\"><span><\/span><\/div><\/header><\/div><\/div><\/div><\/section><\/div> <!-- .tm-element-heading-wrapper container --> [vc_single_image image=\u00bb3856&#8243; img_size=\u00bblarge\u00bb alignment=\u00bbcenter\u00bb][vc_column_text css=\u00bb.vc_custom_1632412565577{margin-top: -14px !important;}\u00bb]Es un proyecto pensado para el futuro de nuestra unidad familiar. Se basa fundamentalmente como su nombre indica\u00a0en el transporte de mercanc\u00edas por carretera.\u00a0Adem\u00e1s de realizar funciones de log\u00edstica y operadora de transporte.<\/p>\n<p>&nbsp;<\/p>\n<p><strong>\u00bfQui\u00e9n a puesto en marcha el negocio?<\/strong><\/p>\n<p>El proyecto se puso en marcha en Enero del 2020. Somos dos j\u00f3venes que apostamos por emprender en el mundo del transporte. Cada uno de nosotros se encarga de una secci\u00f3n de la empresa. Andr\u00e9s como T\u00e9cnico en transporte de mercanc\u00eda pesada por carrera, Fernando como T\u00e9cnico superior en log\u00edstica y transporte de mercanc\u00edas.<\/p>\n<p>&nbsp;<\/p>\n<p><strong>Presentaci\u00f3n: Log\u00edstica Pat\u00f3n y Prieto S.L<\/strong><\/p>\n<p>La empresa est\u00e1 ubicada en Ciudad Real con instalaciones en un pueblo muy cercano a la capital\u00a0(Miguelturra).<\/p>\n<p>Para desarrollar nuestra \u00a0actividad contamos con tres \u00a0tractores y tres plataformas\u00a0tauline,, es decir camiones articulados con el semirremolques dotados \u00a0de lonas tanto laterales como\u00a0en el techo que pueden ser retiradas.\u00a0Esto nos permite cargar y descargar la\u00a0mercanc\u00eda adapt\u00e1ndonos\u00a0a gran cantidad de materiales y productos dif\u00edciles de cargar.<\/p>\n<p>La visi\u00f3n\u00a0era empezar poco a poco y a medio plazo\u00a0ir ampliando la flota.\u00a0Cosa que a \u00a0corto plazo vamos consiguiendo puesto que al empezar solo cont\u00e1bamos con nuestro tesoro verde y hoy por hoy la familia va en aumento.<\/p>\n<p>Nuestros veh\u00edculos descansan en las instalaciones dotadas para ello en la ubicaci\u00f3n anteriormente mencionada.<\/p>\n<p>&nbsp;<\/p>\n<p><strong>Descripci\u00f3n<\/strong><strong>\u00a0<\/strong><\/p>\n<p>Transportar\u00edamos todo tipo de mercanc\u00eda\u00a0paletizada\u00a0o no (siempre que no sea a granel)\u00a0en \u00e1mbito nacional con vistas\u00a0 en futuro a lanzarnos al comercio internacional.<\/p>\n<p>&nbsp;<\/p>\n<p><strong>An\u00e1lisis<\/strong><strong>\u00a0<\/strong><\/p>\n<p>El sector est\u00e1 marcado por una competencia alta,\u00a0con una demanda cada vez m\u00e1s exigente, y un entorno m\u00e1s competitivo como consecuencia de la globalizaci\u00f3n del comercio,\u00a0que\u00a0ha obligado a la industria del transporte y la distribuci\u00f3n a evolucionar desde un concepto de simple desplazamiento de mercanc\u00edas hacia un concepto de log\u00edstica que engloba la planificaci\u00f3n y gesti\u00f3n integral de todas las actividades relacionadas con el transporte.<\/p>\n<p>La misi\u00f3n de la empresa<strong>\u00a0<\/strong>es superar las expectativas de nuestros clientes en todos los<strong>\u00a0<\/strong>niveles,\u00a0generando y buscando una relaci\u00f3n a largo plazo, con un compromiso continuo y una excelente calidad humana que nos permita lograr un elevado nivel de eficiencia y fiabilidad sin olvidar nunca que nuestra raz\u00f3n de ser es generar valor a nuestros clientes.<\/p>\n<p>Nuestro principal objetivo es obtener beneficios para poder seguir\u00a0con la actividad\u00a0normal\u00a0de la empresa\u00a0e ir creciendo\u00a0y as\u00ed poder ofrecer los servicios pactados.<\/p>\n<p>Para ello, nos planteamos otro objetivo el cual es,\u00a0garantizar a nuestros clientes, que la mercanc\u00eda\u00a0que nos conf\u00eda, Llegar\u00e1 a su destino<strong>\u00a0<\/strong>en perfectas condiciones, en el tiempo pactado, minimizando contratiempos, reduciendo costes\u00a0y manteniendo la calidad de nuestro servicio de acuerdo a sus necesidades.<\/p>\n<p>El precio no lo es todo, se debe atender otro tipo de condiciones del servicio como es el de atenci\u00f3n al cliente.<\/p>\n<p>Las empresas de transporte nos jugamos mucho con los tiempos de entrega, es por ello que calcular bien las rutas a seguir es una base importante de la organizaci\u00f3n.<\/p>\n<p>Siguiendo estas pautas con mucha dedicaci\u00f3n, esfuerzo, constancia y trabajo nuestro proyecto ser\u00e1 exitoso.[\/vc_column_text][vc_row_inner el_class=\u00bbservice-list-aboutuspage\u00bb][vc_column_inner][\/vc_column_inner][\/vc_row_inner][\/vc_column][\/vc_row]<\/p>\n","protected":false},"excerpt":{"rendered":"<p>[vc_row el_class=\u00bbfive-seven-colum3&#8243;][vc_column][vc_single_image image=\u00bb3856&#8243; img_size=\u00bblarge\u00bb alignment=\u00bbcenter\u00bb][vc_column_text css=\u00bb.vc_custom_1632412565577{margin-top: -14px !important;}\u00bb]Es un proyecto pensado para el futuro de nuestra unidad familiar. Se basa fundamentalmente como su nombre indica\u00a0en el transporte de mercanc\u00edas por carretera.\u00a0Adem\u00e1s de realizar funciones de log\u00edstica y operadora de transporte. &nbsp; \u00bfQui\u00e9n a puesto en marcha el negocio? El proyecto se puso en marcha en &hellip; <a href=\"https:\/\/logisticapatonyprieto.com\/?page_id=2811\" class=\"more-link\">Continue reading <span class=\"screen-reader-text\">Empresa<\/span><\/a><\/p>\n","protected":false},"author":1,"featured_media":0,"parent":0,"menu_order":3,"comment_status":"closed","ping_status":"closed","template":"","meta":{"footnotes":""},"class_list":["post-2811","page","type-page","status-publish","hentry"],"_links":{"self":[{"href":"https:\/\/logisticapatonyprieto.com\/index.php?rest_route=\/wp\/v2\/pages\/2811","targetHints":{"allow":["GET"]}}],"collection":[{"href":"https:\/\/logisticapatonyprieto.com\/index.php?rest_route=\/wp\/v2\/pages"}],"about":[{"href":"https:\/\/logisticapatonyprieto.com\/index.php?rest_route=\/wp\/v2\/types\/page"}],"author":[{"embeddable":true,"href":"https:\/\/logisticapatonyprieto.com\/index.php?rest_route=\/wp\/v2\/users\/1"}],"replies":[{"embeddable":true,"href":"https:\/\/logisticapatonyprieto.com\/index.php?rest_route=%2Fwp%2Fv2%2Fcomments&post=2811"}],"version-history":[{"count":8,"href":"https:\/\/logisticapatonyprieto.com\/index.php?rest_route=\/wp\/v2\/pages\/2811\/revisions"}],"predecessor-version":[{"id":3981,"href":"https:\/\/logisticapatonyprieto.com\/index.php?rest_route=\/wp\/v2\/pages\/2811\/revisions\/3981"}],"wp:attachment":[{"href":"https:\/\/logisticapatonyprieto.com\/index.php?rest_route=%2Fwp%2Fv2%2Fmedia&parent=2811"}],"curies":[{"name":"wp","href":"https:\/\/api.w.org\/{rel}","templated":true}]}}