{"id":2912,"date":"2018-02-23T04:28:35","date_gmt":"2018-02-23T04:28:35","guid":{"rendered":"http:\/\/localhost\/projects\/transexpo\/?page_id=2912"},"modified":"2021-07-26T15:19:40","modified_gmt":"2021-07-26T15:19:40","slug":"contact-us","status":"publish","type":"page","link":"https:\/\/logisticapatonyprieto.com\/?page_id=2912","title":{"rendered":"Contacto"},"content":{"rendered":"<p>[vc_row][vc_column]<div class=\"tm-element-heading-wrapper tm-heading-inner tm-element-align-center tm-seperator-solid tm-heading-style-vertical \"><section class=\"tm-vc_cta3-container\"><div class=\"tm-vc_general tm-vc_cta3 tm-cta3-only tm-vc_cta3-style-classic tm-vc_cta3-shape-rounded tm-vc_cta3-align-center tm-vc_cta3-color-transparent tm-vc_cta3-icon-size-md tm-vc_cta3-actions-no tm-cta3-with-desc\"><div class=\"tm-vc_cta3_content-container\"><div class=\"tm-vc_cta3-content\"><header class=\"tm-vc_cta3-content-header tm-wrap\"><div class=\"tm-vc_cta3-headers tm-wrap-cell\"><h2 class=\"tm-custom-heading \" >CONTACTO<\/h2>\n<\/div><div class=\"heading-seperator\"><span><\/span><\/div><\/header><div class=\"tm-cta3-content-wrapper\"><p>Rellene el siguiente formulario para contactar con nosotros.<\/p>\n<p>Le responderemos lo antes posible.<\/p><\/div><\/div><\/div><\/div><\/section><\/div> <!-- .tm-element-heading-wrapper container --> [vc_row_inner][vc_column_inner width=\u00bb1\/6&#8243;][\/vc_column_inner][vc_column_inner width=\u00bb2\/3&#8243;]\n<div class=\"wpcf7 no-js\" id=\"wpcf7-f2919-o1\" lang=\"en-US\" dir=\"ltr\" data-wpcf7-id=\"2919\">\n<div class=\"screen-reader-response\"><p role=\"status\" aria-live=\"polite\" aria-atomic=\"true\"><\/p> <ul><\/ul><\/div>\n<form action=\"\/index.php?rest_route=%2Fwp%2Fv2%2Fpages%2F2912#wpcf7-f2919-o1\" method=\"post\" class=\"wpcf7-form init\" aria-label=\"Contact form\" novalidate=\"novalidate\" data-status=\"init\">\n<div style=\"display: none;\">\n<input type=\"hidden\" name=\"_wpcf7\" value=\"2919\" \/>\n<input type=\"hidden\" name=\"_wpcf7_version\" value=\"6.0.6\" \/>\n<input type=\"hidden\" name=\"_wpcf7_locale\" value=\"en_US\" \/>\n<input type=\"hidden\" name=\"_wpcf7_unit_tag\" value=\"wpcf7-f2919-o1\" \/>\n<input type=\"hidden\" name=\"_wpcf7_container_post\" value=\"0\" \/>\n<input type=\"hidden\" name=\"_wpcf7_posted_data_hash\" value=\"\" \/>\n<\/div>\n<div class=\"row\">\n\t<div class=\"col-xs-12 col-sm-6\">\n\t\t<p><label><span class=\"wpcf7-form-control-wrap\" data-name=\"your-name\"><input size=\"40\" maxlength=\"400\" class=\"wpcf7-form-control wpcf7-text wpcf7-validates-as-required\" aria-required=\"true\" aria-invalid=\"false\" placeholder=\"Nombre y Apellidos\" value=\"\" type=\"text\" name=\"your-name\" \/><\/span><\/label>\n\t\t<\/p>\n\t<\/div>\n\t<div class=\"col-xs-12 col-sm-6\">\n\t\t<p><label><span class=\"wpcf7-form-control-wrap\" data-name=\"email\"><input size=\"40\" maxlength=\"400\" class=\"wpcf7-form-control wpcf7-email wpcf7-validates-as-required wpcf7-text wpcf7-validates-as-email\" aria-required=\"true\" aria-invalid=\"false\" placeholder=\"Email\" value=\"\" type=\"email\" name=\"email\" \/><\/span><\/label>\n\t\t<\/p>\n\t<\/div>\n<\/div>\n<div class=\"row\">\n\t<div class=\"col-xs-12 col-sm-6\">\n\t\t<p><label><span class=\"wpcf7-form-control-wrap\" data-name=\"phone-number\"><input size=\"40\" maxlength=\"400\" class=\"wpcf7-form-control wpcf7-text wpcf7-validates-as-required\" aria-required=\"true\" aria-invalid=\"false\" placeholder=\"Tel\u00e9fono\" value=\"\" type=\"text\" name=\"phone-number\" \/><\/span><\/label>\n\t\t<\/p>\n\t<\/div>\n\t<div class=\"col-xs-12 col-sm-6\">\n\t\t<p><label><span class=\"wpcf7-form-control-wrap\" data-name=\"your-subject\"><input size=\"40\" maxlength=\"400\" class=\"wpcf7-form-control wpcf7-text wpcf7-validates-as-required\" aria-required=\"true\" aria-invalid=\"false\" placeholder=\"Asunto\" value=\"\" type=\"text\" name=\"your-subject\" \/><\/span><\/label>\n\t\t<\/p>\n\t<\/div>\n<\/div>\n<div class=\"row\">\n\t<div class=\"col-xs-12 col-sm-12\">\n\t\t<p><label><span class=\"wpcf7-form-control-wrap\" data-name=\"your-message\"><textarea cols=\"40\" rows=\"10\" maxlength=\"2000\" class=\"wpcf7-form-control wpcf7-textarea\" aria-invalid=\"false\" placeholder=\"Escriba su mensaje\" name=\"your-message\"><\/textarea><\/span><\/label>\n\t\t<\/p>\n\t<\/div>\n<\/div>\n<div class=\"row\">\n\t<div class=\"col-xs-12 col-sm-6\">\n\t\t<p><label><span class=\"wpcf7-form-control-wrap\" data-name=\"acceptance-103\"><span class=\"wpcf7-form-control wpcf7-acceptance\"><span class=\"wpcf7-list-item\"><label><input type=\"checkbox\" name=\"acceptance-103\" value=\"1\" aria-invalid=\"false\" \/><span class=\"wpcf7-list-item-label\">He le\u00eddo la <a href=\"http:\/\/logisticapatonyprieto.com\/?page_id=3960\" target=\"_blank\" style=\"color:#c6bb52;\"><strong>Pol\u00edtica de privacidad<\/strong><\/a>.<\/span><\/label><\/span><\/span><\/span><\/label>\n\t\t<\/p>\n\t<\/div>\n<\/div>\n<p>INFORMACI\u00d3N PROTECCI\u00d3N DE DATOS<br \/>\nFinalidades: Responder a sus solicitudes.<br \/>\nLegitimaci\u00f3n: Consentimiento del interesado.<br \/>\nDestinatarios: No est\u00e1n previstas cesiones de datos.<br \/>\nDerechos: retirar el consentimiento en cualquier momento, acceso, rectificaci\u00f3n, portabilidad, supresi\u00f3n, limitaci\u00f3n, oposici\u00f3n a su tratamiento, derecho a presentar una reclamaci\u00f3n ante la AEPD (www.apgd.es)<br \/>\nInformaci\u00f3n Adicional: Puede ampliar la informaci\u00f3n en el enlace de <a href=\"http:\/\/logisticapatonyprieto.com\/?page_id=3960\" target=\"_blank\" style=\"color:#c6bb52;\"><strong>Pol\u00edtica de privacidad<\/strong><\/a>.\n<\/p>\n<div class=\"row\">\n\t<div class=\"col-xs-12 col-sm-12 tm-text-align-center tm-book-submitbt\">\n\t\t<p><input class=\"wpcf7-form-control wpcf7-submit has-spinner\" type=\"submit\" value=\"Enviar\" \/>\n\t\t<\/p>\n\t<\/div>\n<\/div><div class=\"wpcf7-response-output\" aria-hidden=\"true\"><\/div>\n<\/form>\n<\/div>\n[\/vc_column_inner][vc_column_inner width=\u00bb1\/6&#8243;][\/vc_column_inner][\/vc_row_inner][\/vc_column][\/vc_row]<\/p>\n","protected":false},"excerpt":{"rendered":"<p>[vc_row][vc_column][vc_row_inner][vc_column_inner width=\u00bb1\/6&#8243;][\/vc_column_inner][vc_column_inner width=\u00bb2\/3&#8243;][\/vc_column_inner][vc_column_inner width=\u00bb1\/6&#8243;][\/vc_column_inner][\/vc_row_inner][\/vc_column][\/vc_row]<\/p>\n","protected":false},"author":1,"featured_media":0,"parent":0,"menu_order":8,"comment_status":"closed","ping_status":"closed","template":"","meta":{"footnotes":""},"class_list":["post-2912","page","type-page","status-publish","hentry"],"_links":{"self":[{"href":"https:\/\/logisticapatonyprieto.com\/index.php?rest_route=\/wp\/v2\/pages\/2912","targetHints":{"allow":["GET"]}}],"collection":[{"href":"https:\/\/logisticapatonyprieto.com\/index.php?rest_route=\/wp\/v2\/pages"}],"about":[{"href":"https:\/\/logisticapatonyprieto.com\/index.php?rest_route=\/wp\/v2\/types\/page"}],"author":[{"embeddable":true,"href":"https:\/\/logisticapatonyprieto.com\/index.php?rest_route=\/wp\/v2\/users\/1"}],"replies":[{"embeddable":true,"href":"https:\/\/logisticapatonyprieto.com\/index.php?rest_route=%2Fwp%2Fv2%2Fcomments&post=2912"}],"version-history":[{"count":3,"href":"https:\/\/logisticapatonyprieto.com\/index.php?rest_route=\/wp\/v2\/pages\/2912\/revisions"}],"predecessor-version":[{"id":3865,"href":"https:\/\/logisticapatonyprieto.com\/index.php?rest_route=\/wp\/v2\/pages\/2912\/revisions\/3865"}],"wp:attachment":[{"href":"https:\/\/logisticapatonyprieto.com\/index.php?rest_route=%2Fwp%2Fv2%2Fmedia&parent=2912"}],"curies":[{"name":"wp","href":"https:\/\/api.w.org\/{rel}","templated":true}]}}