{"id":3,"date":"2021-05-18T11:42:57","date_gmt":"2021-05-18T11:42:57","guid":{"rendered":"http:\/\/logisticapatonyprieto.com\/?page_id=3"},"modified":"2021-10-18T14:57:52","modified_gmt":"2021-10-18T14:57:52","slug":"privacy-policy","status":"publish","type":"page","link":"https:\/\/logisticapatonyprieto.com\/?page_id=3","title":{"rendered":"Aviso Legal"},"content":{"rendered":"<p>[vc_row][vc_column]<h2 style=\"text-align:center;color:#4e5056;\" class=\"tm-custom-heading \" >Aviso Legal<\/h2>\n[vc_column_text]<strong>Ultima fecha de revisi\u00f3n: 4 octubre 2021<\/strong><\/p>\n<p><strong>1.-Objeto<\/strong><\/p>\n<p>El presente Aviso Legal informa de las condiciones de navegaci\u00f3n por el sitio web Log\u00edstica Pat\u00f3n y Prieto S.L. (en adelante, el sitio web). El mero acceso al sitio web implica el conocimiento y la aceptaci\u00f3n de dicho Aviso Legal.<\/p>\n<p>La navegaci\u00f3n por el presente Sitio Web atribuye al navegante la condici\u00f3n de Usuario del sitio, lo cual implica la aceptaci\u00f3n del mismo en el momento en que se acceda al mismo. El Titular del Sitio Web recomienda su atenta lectura y aceptaci\u00f3n, debi\u00e9ndose abstener el usuario si no existe conformidad con las mismas. El Usuario es consciente y acepta que el uso y navegaci\u00f3n a trav\u00e9s del presente Sitio Web se realiza en todo caso bajo su \u00fanica y exclusiva responsabilidad.<\/p>\n<p>El Titular se reserva el derecho a modificar el presente aviso legal para adaptarlo a novedades legislativas o jurisprudenciales. En dichos supuestos, El Titular anunciar\u00e1 en esta p\u00e1gina los cambios introducidos con razonable antelaci\u00f3n a su puesta en pr\u00e1ctica. En cada caso, la relaci\u00f3n con los usuarios se regir\u00e1 por las normas previstas en el momento preciso en que se accede al web. A todos los efectos, se puede comprobar la vigencia del documento en el encabezado.<\/p>\n<p>Si es necesario que el Usuario del presente Sitio Web aporte sus datos personales, los mismos ser\u00e1n tratados bajo las condiciones descritas en la Pol\u00edtica de Privacidad.<\/p>\n<p>Del mismo modo, al hacer clic en el bot\u00f3n aceptar del aviso de cookies del presente Sitio Web, el Usuario consiente el uso de cookies bajo las condiciones descritas en la Pol\u00edtica de Cookies.<\/p>\n<p>Este Aviso Legal es aplicable \u00fanicamente a la informaci\u00f3n recogida en el presente Sitio Web. En ning\u00fan caso se entender\u00e1 aplicable a los contenidos recogidos en las p\u00e1ginas de terceros enlazados desde el presente Sitio Web.<\/p>\n<p>&nbsp;<\/p>\n<p><strong>2.-Titularidad<\/strong><\/p>\n<p>Log\u00edstica Pat\u00f3n y Prieto S.L. (en adelante, El Titular) es El Titular del nombre de dominio https:\/\/logisticapatonyprieto.com\/con domicilio a estos efectos en Calle Toneleros 35 Pol.Ind. \u201cLa Estrella\u201d, 13170 Miguelturra Ciudad Real, y NIF B13634290, entidad inscrita en el Registro Mercantil de Ciudad Real Tomo 668 , Folio 86, Secci\u00f3n 8, Hoja CR 30969, Inscripci\u00f3n Primera.<\/p>\n<p>&nbsp;<\/p>\n<p><strong>3.-Medios de Contacto<\/strong><\/p>\n<p>El Titular pone a disposici\u00f3n de todos los interesados los siguientes medios de contacto con la entidad:<\/p>\n<p><strong>Tel\u00e9fonos de contacto<\/strong>: 605818353 <strong>Ubicaci\u00f3n<\/strong>: Calle Toneleros 35 Pol.Ind. \u201cLa Estrella\u201d, 13170 Miguelturra Ciudad Real <strong>Correo electr\u00f3nico<\/strong>: logisticapatonyprieto@gmail.com<\/p>\n<p>&nbsp;<\/p>\n<p><strong>4.-Propiedad intelectual<\/strong><\/p>\n<p>El Titular es Titular de todos los derechos de propiedad intelectual del presente Sitio Web, as\u00ed como de todos los elementos contenidos en la misma (a t\u00edtulo enunciativo, im\u00e1genes, sonido, audio, v\u00eddeo, software o textos; marcas o logotipos, combinaciones de colores, estructura y dise\u00f1o, selecci\u00f3n de materiales usados, programas de ordenador necesarios para su funcionamiento, acceso y uso, etc.), o en su defecto, dispone del correspondiente permiso o permisos de los leg\u00edtimos titulares. Todos los derechos de propiedad intelectual del Sitio Web, incluyendo los citados y el propio Sitio Web en su conjunto pertenecen a El Titular y\/o a sus respectivos autores, disponiendo de los debidos permisos de uso, que se reserva el derecho a modificar y\/o suprimir los contenidos del sitio sin previo aviso. En virtud de la vigente normativa de propiedad intelectual, quedan expresamente prohibidas la reproducci\u00f3n, la distribuci\u00f3n y la comunicaci\u00f3n p\u00fablica, incluida su modalidad de puesta a disposici\u00f3n, de la totalidad o parte de los contenidos de esta p\u00e1gina web, con fines comerciales, en cualquier soporte y por cualquier medio t\u00e9cnico, sin la autorizaci\u00f3n de El Titular. Todos los elementos que dan forma al Sitio Web est\u00e1n protegidos como derechos de autor por la legislaci\u00f3n en materia de propiedad intelectual. El acceso a esta p\u00e1gina o la navegaci\u00f3n por la misma no implica, en ning\u00fan caso, cesi\u00f3n de dichos derechos de autor al interesado. Podr\u00e1 visualizar los elementos del Sitio Web e incluso imprimirlos, copiarlos y almacenarlos en el disco duro de su ordenador o en cualquier otro soporte f\u00edsico siempre y cuando sea, \u00fanica y exclusivamente, para su uso personal y privado.<\/p>\n<p>&nbsp;<\/p>\n<p><strong>5.-Propiedad industrial<\/strong><\/p>\n<p>Las marcas registradas o signos distintivos presentes en el Sitio Web son propiedad industrial de sus leg\u00edtimos propietarios. Est\u00e1 prohibido hacer uso de ellas sin el previo permiso de los mismos. El acceso al mismo no confiere a su Titular ning\u00fan derecho sobre las mismas. A todos los efectos, las mismas se encuentran sometidas a la normativa estatal de marcas.<\/p>\n<p>&nbsp;<\/p>\n<p><strong>6.-Navegaci\u00f3n y Responsabilidad<\/strong><\/p>\n<p>El Titular autoriza a los usuarios del Sitio Web a obtener una copia temporal, descargar y almacenar los contenidos y los elementos insertados en el Sitio Web exclusivamente para su uso personal y privado. El Titular permite la cita y reproducci\u00f3n total o parcial de los contenidos existentes en el Sitio Web, siempre que se cite al Titular. Se proh\u00edbe la utilizaci\u00f3n del presente Sitio Web con fines lucrativos.<\/p>\n<p>El Titular no puede garantizar el buen funcionamiento del Sitio Web en ning\u00fan caso, ello no obstante se procurar\u00e1 en todo caso que dicho funcionamiento sea el apropiado en todo momento. El Titular no se hace responsable de los errores del Sitio Web, as\u00ed como del mal funcionamiento o responsabilidad de los contenidos enlazados. Dichos contenidos enlazados podr\u00edan en ocasiones ofertar productos y servicios. El mero enlace en el presente Sitio Web no supone invitaci\u00f3n alguna a contratarlos. El Titular no ejerce ning\u00fan tipo de control sobre dichos sitios y contenidos externos al Sitio Web. Por tanto, el sitio web solo contiene informaci\u00f3n general acerca de los productos y\/o servicios prestados por el titular, no haci\u00e9ndose asimismo responsable de los contenidos que pudiera haber alojado el Usuario. Los enlaces o contenidos de terceros que aparezcan en esta p\u00e1gina web tienen la finalidad de ampliar informaci\u00f3n, facilitar la b\u00fasqueda de informaci\u00f3n, contenidos y servicios en Internet u ofrecer otro punto de vista (sin que puedan considerarse en caso alguno una sugerencia, recomendaci\u00f3n o invitaci\u00f3n para visitarlos), pero su inclusi\u00f3n no implica la aceptaci\u00f3n de los contenidos ni la asociaci\u00f3n del titular con los responsables de los mismos, por lo que se rechaza toda responsabilidad que dichos contenidos pudieran causar.<\/p>\n<p>En general, El Titular no se hace responsable del incumplimiento de cualquier norma aplicable en que pueda incurrir el usuario en su acceso al presente Sitio Web, incluyendo el mal uso de las informaciones contenidas en el mismo. En particular, El Titular no se responsabiliza de los virus que tengan su origen en una transmisi\u00f3n telem\u00e1tica infiltrados por terceras partes (sin \u00e1nimo de ser exhaustivos, los macros de procesadores de texto, los applets de Java, programas Active X y cualesquiera otros programas con c\u00f3digo malicioso), generados con la finalidad de obtener resultados negativos en relaci\u00f3n al presente Sitio Web, y sobre los cuales declinamos toda responsabilidad.<\/p>\n<p>&nbsp;<\/p>\n<p><strong>7.- Ilegalidad de Contenidos<\/strong><\/p>\n<p>Se puede notificar la ilegalidad de los contenidos de esta web y solicitar la retirada o bloqueo de los mismos enviando una solicitud a la siguiente direcci\u00f3n Calle Toneleros 35 Pol.Ind. \u201cLa Estrella\u201d, 13170 Miguelturra Ciudad Real o por correo electr\u00f3nico en logisticapatonyprieto@gmail.com. En particular, si el usuario considera que existe en el sitio web alg\u00fan contenido que pudiera ser susceptible de afectar o contravenir la legislaci\u00f3n nacional, o internacional, derechos de terceros o la moral y el orden p\u00fablico, se ruega lo notifique de forma inmediata. Conforme a lo dispuesto en la Ley 34\/2002, El titular solo podr\u00e1 ser responsable por tales contenidos cuando, habiendo tenido conocimiento efectivo de su ilicitud o de que lesiona bienes o intereses de un tercero, no elimine o bloquee los contenidos pertinentes.<\/p>\n<p>&nbsp;<\/p>\n<p><strong>8.- Destinatarios de los contenidos. Especial menci\u00f3n a menores<\/strong><\/p>\n<p>Los contenidos del presente Sitio Web van dirigidos a personas mayores de edad. Los padres, madres o tutores son los responsables de asistir a los menores en la navegaci\u00f3n del presente Sitio Web, habilitando, si fuera necesario, los mecanismos necesarios para impedir el acceso por parte de los mismos al presente Sitio Web. A todos los efectos, los padres, madres o tutores ser\u00e1n considerados los responsables de los actos que lleven a cabo los menores a su cargo.<\/p>\n<p>&nbsp;<\/p>\n<p><strong>9.- Car\u00e1cter gratuito<\/strong><\/p>\n<p>Los contenidos que se ofrecen en el presente Sitio Web se ofrecen gratuitamente.<\/p>\n<p><strong>10.- Hiperenlaces<\/strong><\/p>\n<p>&nbsp;<\/p>\n<p>Los enlaces que se indican a trav\u00e9s del presente Sitio Web se ofrecen como complemento a la informaci\u00f3n publicada en el mismo. El Titular no ejerce ning\u00fan control sobre los responsables de esos contenidos, ajenos al presente Sitio Web. El Titular no asumir\u00e1 responsabilidad alguna por los contenidos de alg\u00fan enlace perteneciente a un Sitio Web ajeno, ni garantizar\u00e1 la disponibilidad t\u00e9cnica, calidad, fiabilidad, exactitud, amplitud, veracidad, validez y constitucionalidad de cualquier material o informaci\u00f3n contenida en ninguno de dichos hiperv\u00ednculos u otros sitios de Internet.<\/p>\n<p>Se precisar\u00e1 autorizaci\u00f3n para reproducir, de cualquier manera o forma, este sitio web en plataformas de terceros (por ejemplo, creando un \u201cframe\u201d). Si la entidad, usuario o sitio web que realiza el enlace desde su p\u00e1gina al sitio web del Titular de una manera correcta deseara incluir en su p\u00e1gina web contenidos de este sitio web deber\u00e1 contar previamente con su autorizaci\u00f3n expresa y por escrito.<\/p>\n<p>&nbsp;<\/p>\n<p><strong>11.- Correos electr\u00f3nicos<\/strong><\/p>\n<p>Queremos que exista una m\u00e1xima transparencia en nuestras comunicaciones con el cliente. En relaci\u00f3n a los correos que les pudi\u00e9ramos enviar, y con objeto de que la comunicaci\u00f3n se produzca de forma fiable, le recomendamos que ante emails no solicitados de esta entidad, no comparta en ning\u00fan caso su informaci\u00f3n personal, proceda a identificar los correos electr\u00f3nicos falsos, comunique a trav\u00e9s de cualquiera de los medios de contacto los intentos de \u00abphishing\u00bb, y por \u00faltimo comun\u00edquenoslo. Esta entidad nunca se comunicar\u00e1 por correo electr\u00f3nico a los efectos de pedirle que revele o verifique informaci\u00f3n.[\/vc_column_text][\/vc_column][\/vc_row]<\/p>\n","protected":false},"excerpt":{"rendered":"<p>[vc_row][vc_column][vc_column_text]Ultima fecha de revisi\u00f3n: 4 octubre 2021 1.-Objeto El presente Aviso Legal informa de las condiciones de navegaci\u00f3n por el sitio web Log\u00edstica Pat\u00f3n y Prieto S.L. (en adelante, el sitio web). El mero acceso al sitio web implica el conocimiento y la aceptaci\u00f3n de dicho Aviso Legal. La navegaci\u00f3n por el presente Sitio Web &hellip; <a href=\"https:\/\/logisticapatonyprieto.com\/?page_id=3\" class=\"more-link\">Continue reading <span class=\"screen-reader-text\">Aviso Legal<\/span><\/a><\/p>\n","protected":false},"author":1,"featured_media":0,"parent":0,"menu_order":0,"comment_status":"closed","ping_status":"open","template":"","meta":{"footnotes":""},"class_list":["post-3","page","type-page","status-publish","hentry"],"_links":{"self":[{"href":"https:\/\/logisticapatonyprieto.com\/index.php?rest_route=\/wp\/v2\/pages\/3","targetHints":{"allow":["GET"]}}],"collection":[{"href":"https:\/\/logisticapatonyprieto.com\/index.php?rest_route=\/wp\/v2\/pages"}],"about":[{"href":"https:\/\/logisticapatonyprieto.com\/index.php?rest_route=\/wp\/v2\/types\/page"}],"author":[{"embeddable":true,"href":"https:\/\/logisticapatonyprieto.com\/index.php?rest_route=\/wp\/v2\/users\/1"}],"replies":[{"embeddable":true,"href":"https:\/\/logisticapatonyprieto.com\/index.php?rest_route=%2Fwp%2Fv2%2Fcomments&post=3"}],"version-history":[{"count":12,"href":"https:\/\/logisticapatonyprieto.com\/index.php?rest_route=\/wp\/v2\/pages\/3\/revisions"}],"predecessor-version":[{"id":3989,"href":"https:\/\/logisticapatonyprieto.com\/index.php?rest_route=\/wp\/v2\/pages\/3\/revisions\/3989"}],"wp:attachment":[{"href":"https:\/\/logisticapatonyprieto.com\/index.php?rest_route=%2Fwp%2Fv2%2Fmedia&parent=3"}],"curies":[{"name":"wp","href":"https:\/\/api.w.org\/{rel}","templated":true}]}}