{"id":3960,"date":"2021-10-18T15:03:48","date_gmt":"2021-10-18T15:03:48","guid":{"rendered":"http:\/\/logisticapatonyprieto.com\/?page_id=3960"},"modified":"2021-10-18T15:05:34","modified_gmt":"2021-10-18T15:05:34","slug":"politica-de-privacidad","status":"publish","type":"page","link":"https:\/\/logisticapatonyprieto.com\/?page_id=3960","title":{"rendered":"Pol\u00edtica de Privacidad"},"content":{"rendered":"<p>[vc_row][vc_column]<h2 style=\"text-align:center;color:#4e5056;\" class=\"tm-custom-heading \" >Pol\u00edtica de Privacidad<\/h2>\n[vc_column_text]<strong>Ultima fecha de revisi\u00f3n: 4 octubre 2021<\/strong><\/p>\n<p>Creemos que tu privacidad es importante. Para el responsable de esta web, que leas y muestres inter\u00e9s en este apartado demuestra que tienes inter\u00e9s en la misma. Deber\u00edas hacerlo cada vez que visitas nuevos sitios web, especialmente si te van a solicitar datos personales. A continuaci\u00f3n, en este documento, te explicamos qu\u00e9 datos personales recabamos, en base a qu\u00e9, durante cu\u00e1nto tiempo se almacenar\u00e1n y aspectos relacionados con la normativa de protecci\u00f3n de datos, en cumplimiento con la legislaci\u00f3n vigente. Te animamos a leer detenidamente estos t\u00e9rminos antes de facilitar tus datos personales. Para los menores de 14 a\u00f1os se requiere el consentimiento de los padres o tutores para el tratamiento de sus datos. Si eres menor de 14, no deber\u00edas dejar\u00a0 tus datos en eta web a menos que lo autoricen tus padres. En ning\u00fan caso se recabar\u00e1n del menor de edad datos relativos a la situaci\u00f3n profesional, econ\u00f3mica o a la intimidad de los otros miembros de la familia, sin el consentimiento de \u00e9stos. Si tienes cualquier duda al respecto, por favor, contacta a trav\u00e9s de las direcciones de correo electr\u00f3nico del responsable del tratamiento o, en su caso, del delegado de protecci\u00f3n de datos. Este responsable asume un compromiso permanente con la privacidad y garantiza las mejores pr\u00e1cticas en el tratamiento de tus datos personales.<\/p>\n<p>En cumplimiento con lo dispuesto en la normativa de protecci\u00f3n de datos (Reglamento UE 2016\/679, de 27 de abril de 2016), Log\u00edstica Pat\u00f3n y Prieto S.L. (en adelante, \u00abEl Titular\u00bb), Titular del sitio web https:\/\/logisticapatonyprieto.com (en adelante, el \u201cSitio Web\u201d), establece la siguiente Pol\u00edtica de Privacidad, que seguir\u00e1 en el tratamiento de datos de car\u00e1cter personal<strong>.<\/strong> Dicha pol\u00edtica se entiende, en todo caso, sin perjuicio de los dispuesto en el correspondiente Aviso Legal y en la correspondiente Pol\u00edtica de Cookies.<\/p>\n<p><strong>1.- Responsable del Tratamiento<\/strong><\/p>\n<p><strong>Responsable del Tratamiento<\/strong><strong>:<\/strong> https:\/\/logisticapatonyprieto.com<\/p>\n<p><strong>Direcci\u00f3n:<\/strong> Calle Toneleros 35 Pol.Ind. \u201cLa Estrella\u201d, 13170 Miguelturra Ciudad Real<\/p>\n<p><strong>Email: <\/strong>logisticapatonyprieto@gmail.com<\/p>\n<p><strong>Tel\u00e9fono: <\/strong>605818353<\/p>\n<p>Tratamos de garantizar la privacidad de los usuarios de esta web. Debes saber que nunca solicitaremos informaci\u00f3n personal a menos que realmente sea necesaria para la prestaci\u00f3n de servicios, nunca la compartiremos con terceros (salvo determinados casos en los que resulte imprescindible y en base a situaciones leg\u00edtimas e informadas previamente) y nunca utilizaremos tus datos para otros fines que no tengan que ver con la relaci\u00f3n contractual. Esta entidad asume los compromisos de la Ley Org\u00e1nica 3\/2018, de 5 de diciembre, de Protecci\u00f3n de Datos Personales y Garant\u00eda de los Derechos Digitales, el Reglamento (UE) 2016\/679 del Parlamento Europeo y del Consejo y la Ley 34\/2002, de 11 de julio, de Servicios de la Sociedad de la Informaci\u00f3n y Comercio Electr\u00f3nico (LSSICE o LSSI), as\u00ed como la normativa que las desarrolle o complemente.<\/p>\n<p>Por tanto, los datos que pudieran solicitarse a los usuarios del presente Sitio Web a trav\u00e9s de formularios de contacto, aquellas otras proporcionadas por el mero hecho de acceder al Sitio Web (cookies), aquellos otros relacionados con los posibles comentarios en las distintas p\u00e1ginas corporativas de las redes sociales enlazadas desde el presente Sitio Web, los datos personales que el usuario introduzca dentro de las secciones habilitadas o las proporcionados por el resto de v\u00edas o canales de comunicaci\u00f3n habilitados (por ejemplo, correo electr\u00f3nico) ser\u00e1n tratados por el responsable del tratamiento indicado en cumplimiento siempre con la legislaci\u00f3n vigente.<\/p>\n<p>&nbsp;<\/p>\n<p><strong>2.- Finalidades del tratamiento<\/strong><\/p>\n<p>Cuando un usuario visita este sitio web est\u00e1 facilitando informaci\u00f3n de car\u00e1cter personal. Esa informaci\u00f3n puede incluir datos de car\u00e1cter personal como pueden ser tu direcci\u00f3n IP, nombre, direcci\u00f3n f\u00edsica, direcci\u00f3n de correo electr\u00f3nico, n\u00famero de tel\u00e9fono, y otra informaci\u00f3n. Las finalidades por las cuales tratamos tus datos depender\u00e1n del contexto o secci\u00f3n en la que se le soliciten:<\/p>\n<p>-Por el mero hecho de visitar el Sitio Web, existen determinadas informaciones que se recoge en los servidores que prestan servicios de hosting. Entre dichas informaciones est\u00e1 la relativa a la direcci\u00f3n IP desde la que se accede al Sitio Web. La finalidad del tratamiento en este caso es facilitarle la navegaci\u00f3n por la web. Tambi\u00e9n podremos recoger determinada informaci\u00f3n (cookies), que trataremos seg\u00fan la Pol\u00edtica de Cookies espec\u00edfica que puede consultar.<\/p>\n<p>-Si nos proporciona los datos a trav\u00e9s de alguno o algunos de los formularios habilitados, la finalidad ser\u00e1 la relativa a la indicada en el formulario correspondiente. Por ejemplo, en el caso de proporcionarnos sus datos en formularios de contacto, la finalidad ser\u00e1 responder en su caso a la consulta realizada. Por ejemplo, podemos utilizar estos datos \u00a0para responder a tu solicitud y dar respuesta a las dudas, quejas, comentarios o inquietudes que puedas tener relativas a la informaci\u00f3n incluida en la web, los servicios que se prestan a trav\u00e9s de la web, el tratamiento de sus datos personales, as\u00ed como cualesquiera otras consultas que puedas tener. Ello implica, por ejemplo, que podamos mandarte un email o contactar de forma telef\u00f3nica si nos has proporcionado esa informaci\u00f3n de forma voluntaria, tratando tus datos en relaci\u00f3n a la resoluci\u00f3n de tu duda, queja, etc.<\/p>\n<p>-Si nos proporciona datos personales a trav\u00e9s de correo electr\u00f3nico o a trav\u00e9s de otros medios (tradicionales o no), en general trataremos sus datos en relaci\u00f3n a la gesti\u00f3n o consulta realizada. En cumplimiento con la Ley 34\/2002, de Servicios de la Sociedad de la Informaci\u00f3n y Comercio Electr\u00f3nico, El Titular no remitir\u00e1 comunicaciones comerciales sin identificarlas como tales y sin una previa informaci\u00f3n al respecto. A estos efectos no ser\u00e1 considerado como comunicaci\u00f3n comercial toda la informaci\u00f3n que se env\u00ede a los interesados siempre que tenga por finalidad el mantenimiento de la relaci\u00f3n contractual o respuesta ante su solicitud o aquellas otras informaciones relacionadas con su solicitud -en su caso- y que se deriven directamente de esta relaci\u00f3n.<\/p>\n<p>-Si nos proporciona informaci\u00f3n a trav\u00e9s de alguna o algunas de las redes sociales que esta entidad mantiene y que est\u00e1n enlazadas a trav\u00e9s del presente Sitio Web, asumiendo esta entidad la figura de Responsable del Tratamiento de los datos aportados (por ejemplo, fotos subidas por nosotros o por terceros, comentarios que el interesado realice en relaci\u00f3n a publicaciones que hagamos, etc), trataremos la informaci\u00f3n exclusivamente en relaci\u00f3n a su consulta, gesti\u00f3n o comentario realizado, y siempre dentro de la red social y en el contexto de la misma, no procedi\u00e9ndose en ning\u00fan caso a la extracci\u00f3n de esos datos salvo que obtengamos consentimiento para ello por parte del interesado. No obstante, el uso de estas plataformas est\u00e1 sujeto a la aceptaci\u00f3n \u00edntegra de sus condiciones, y ello implica el tratamiento de sus datos con otras condiciones distintas a las aqu\u00ed expuestas. Los perfiles oficiales en las redes sociales enlazadas desde este Sitio Web han sido creados para que conozca mejor nuestra actividad y crear un canal alternativo de comunicaci\u00f3n con las personas interesadas por nuestra entidad y los servicios que ofrecemos, pero declinamos la responsabilidad del tratamiento de datos que las empresas que gestionan las mencionadas redes sociales hagan de los mismos.<\/p>\n<p>-Existen mas finalidades relacionadas con la gesti\u00f3n de cookies o con la informaci\u00f3n que recabamos de forma autom\u00e1tica por el mero hecho de visitar este sitio web: para una correcta gesti\u00f3n a nivel t\u00e9cnico del sitio web, en relaci\u00f3n a la gesti\u00f3n anal\u00edtica del mismo, para la mejora de nuestros servicios, etc.<\/p>\n<p>&nbsp;<\/p>\n<p><strong>3.- Periodo de conservaci\u00f3n de sus datos<\/strong><\/p>\n<p>Depende del tratamiento de datos realizado:<\/p>\n<p>-Los datos relacionados con las\u00a0 cookies existentes en este Sitio Web tienen un periodo de conservaci\u00f3n indicado en la propia Pol\u00edtica de Cookies.<\/p>\n<p>-Los datos que nos haga llegar a trav\u00e9s de los medios que este Sitio Web pone a su disposici\u00f3n (formularios, correo electr\u00f3nico) se conservar\u00e1n mientras dure la relaci\u00f3n con el interesado o el mismo nos retire su consentimiento en su caso. Posteriormente conservaremos los datos seg\u00fan exista o no obligaci\u00f3n legal, siendo en cualquier caso el periodo m\u00ednimo exigido dependiendo de la relaci\u00f3n o gesti\u00f3n que se realice. Por ejemplo, conservaremos los datos \u00a0de facturaci\u00f3n por obligaci\u00f3n legal tributaria y contable durante 6 a\u00f1os. Existe tambi\u00e9n el plazo de 5 a\u00f1os que establece el art. 1964 del C\u00f3digo Civil (acciones personales sin plazo especial).<\/p>\n<p>-Los datos inclu\u00eddos en las redes sociales enlazadas o no a trav\u00e9s del presente Sitio Web se mantendr\u00e1n por nuestra parte hasta que el interesado retire su consentimiento. Sin embargo, es posible que las entidades responsables conserven estos datos seg\u00fan otras pol\u00edticas de tratamiento de la que no nos hacemos responsables en ning\u00fan caso.<\/p>\n<p>&nbsp;<\/p>\n<p><strong>4.- Legitimaci\u00f3n para el tratamiento de sus datos.<\/strong><\/p>\n<p>Depende del tratamiento de datos realizado:<\/p>\n<p>-La existencia de una o varias obligaciones legales que nos obligan al tratamiento. Por ejemplo, la mencionada obligaci\u00f3n tributaria en relaci\u00f3n a las facturas emitidas.<\/p>\n<p>-Nos ha dado el consentimiento para tratar sus datos en los t\u00e9rminos expuestos, marcando la casilla de aceptaci\u00f3n correspondiente o firmando el documento expositivo que se le presente en un momento previo al tratamiento de su datos.<\/p>\n<p>-Existe una relaci\u00f3n precontractual o contractual. Por ejemplo, en el caso de que el interesado nos proporcione sus datos en relaci\u00f3n a una gesti\u00f3n encomendada, los trataremos porque entendemos que tenemos que dar cumplida respuesta a la misma.<\/p>\n<p>&nbsp;<\/p>\n<p><strong>5.- Destinatario de sus datos.<\/strong><\/p>\n<p>Siempre que subcontratemos a terceros para la prestaci\u00f3n de nuestros servicios, tomaremos las precauciones legales adecuadas, as\u00ed como las medidas t\u00e9cnicas y organizativas id\u00f3neas para garantizar la protecci\u00f3n de datos personales de conformidad con la normativa legal pertinente.<\/p>\n<p>Adem\u00e1s del Responsable del Tratamiento arriba expuesto, los datos podr\u00e1n tratarse por otras entidades dependiendo de la naturaleza del tratamiento de datos:<\/p>\n<p>-Las entidades responsables de las redes sociales enlazadas desde el presente sitio web, en caso de que el interesado proporcione informaci\u00f3n a trav\u00e9s de las mismas.<\/p>\n<p>-Determinadas empresas de servicios relacionados con el presente Sitio Web. Por ejemplo, la entidad que nos presta servicios de hosting (alojamiento, en nuestro caso en servidores situados dentro del Espacio Econ\u00f3mico Europeo, estando el proveedor con plena sujecci\u00f3n a lo dispuesto en el mencionado Reglamento General de Protecci\u00f3n de Datos).<\/p>\n<p>-Por obligaci\u00f3n legal, Organismos P\u00fablicos, Agencia Tributaria, Jueces y Tribunales y, en general, Autoridades competentes, cuando este responsable tenga la obligaci\u00f3n legal de facilitarlos.<\/p>\n<p>-Determinadas empresas responsable de las cookies que se alojan en su equipo por el mero hecho de visitar el presente Sitio Web pueden tener informaci\u00f3n asociada a su direcci\u00f3n IP, h\u00e1bitos de navegaci\u00f3n, etc, seg\u00fan se describe en la correspondiente Pol\u00edtica de Cookies.<\/p>\n<p>Este Responsable del Tratamiento sigue unos criterios estrictos de selecci\u00f3n de proveedores de servicios con el fin de dar cumplimiento a sus obligaciones en materia de protecci\u00f3n de datos y se compromete a suscribir con ellos el correspondiente contrato de tratamiento de datos mediante el que les impondr\u00e1 obligaciones relacionadas con la imposici\u00f3n de medidas t\u00e9cnicas y organizativas apropiadas, tratar los datos personales para las finalidades pactadas y atendiendo \u00fanicamente a las instrucciones documentadas y suprimir o devolver los datos a este responsable una vez finalice la prestaci\u00f3n de los servicios.<\/p>\n<p>&nbsp;<\/p>\n<p><strong>6.- Sus Derechos.<\/strong><\/p>\n<p>Cualquier persona tiene derecho a obtener confirmaci\u00f3n sobre si en esta entidad estamos tratando datos personales que les conciernan o no. Las personas interesadas tienen derecho a acceder a sus datos personales, as\u00ed como a solicitar la rectificaci\u00f3n de los datos inexactos o, en su caso, solicitar su supresi\u00f3n cuando, entre otros motivos, los datos ya no sean necesarios para los fines que fueron recogidos. En determinadas circunstancias, los interesados podr\u00e1n solicitar la limitaci\u00f3n del tratamiento de sus datos, en cuyo caso \u00fanicamente los conservaremos para el ejercicio o la defensa de reclamaciones. En otras circunstancias y por motivos relacionados con su situaci\u00f3n particular, los interesados podr\u00e1n oponerse al tratamiento de sus datos. En aquellos casos en los que nos haya dado el consentimiento, le informamos adicionalmente que tiene el derecho a retirar el mismo en cualquier momento, sin que ello afecte a la licitud del tratamiento basado en el consentimiento previo a su retirada. Si lo solicita, esta entidad dejar\u00e1 de tratar los datos, salvo por motivos leg\u00edtimos imperiosos, o el ejercicio o la defensa de posibles reclamaciones. Tambi\u00e9n puede requerirnos para que sus datos sean tratados por otra entidad, facilitando esta entidad la portabilidad de sus datos al nuevo responsable. Con tal fin, se han elaborado unos formularios espec\u00edficos (que est\u00e1n a su disposici\u00f3n y que puede solicitar) para que pueda ejercitar sus derechos de acceso, rectificaci\u00f3n, supresi\u00f3n, limitaci\u00f3n al tratamiento, oposici\u00f3n al tratamiento, oposici\u00f3n a la toma de decisiones individuales automatizadas inclu\u00edda la elaboraci\u00f3n de perfiles y a la portabilidad de los datos. En todo caso, si considera que estos derechos no se han satisfecho convenientemente por nuestra parte, le informamos que puede presentar una reclamaci\u00f3n ante la autoridad de control (Agencia Espa\u00f1ola de Protecci\u00f3n de Datos, Jorge Juan 6, 28001, Madrid, o ante su sede electr\u00f3nica https:\/\/sedeagpd.gob.es).<\/p>\n<p>Si lo prefiere, el interesado puede dirigirse por correo postal a la direcci\u00f3n que figura en el encabezamiento, o por correo electr\u00f3nico en el email indicado, incluyendo fotocopia de su DNI\/NIF o documento equivalente\u00a0 para justificar su identidad y solicitar el ejercicio de los derechos arriba mencionados.<\/p>\n<p>&nbsp;<\/p>\n<p><strong>7.- Especial referencia a redes sociales<\/strong><\/p>\n<p>El Titular mantiene varias p\u00e1ginas y\/o perfiles en varias redes sociales, enlazadas a trav\u00e9s del presente Sitio Web. El Titular no ser\u00e1 responsable de lo publicado por terceros en las mencionadas redes sociales. El uso y tratamiento de datos que terceros hagan en las mencionadas redes sociales estar\u00e1 sometido a las condiciones generales o particulares distintas a la presente. El Titular recomienda su atenta lectura y concienciaci\u00f3n al respecto.<\/p>\n<p>Nuestra presencia en Internet incluye presencia en la red social facebook.com y en Instagram, ambas redes operadas por Facebook Inc., 1601 S. California Ave, Palo Alto, CA 94304, EE. UU.. Puede buscarnos en la mencionada red social y pulsar \u00abme gusta\u00bb en la misma. Si ha iniciado sesi\u00f3n en Facebook, este podr\u00e1 asignar la navegaci\u00f3n a su cuenta de Facebook. Consulte la finalidad y el alcance de la recogida de datos y su procesamiento y uso por parte de Facebook, as\u00ed como sus derechos al respecto y las posibilidades de configuraci\u00f3n para proteger su privacidad en la declaraci\u00f3n de privacidad de Facebook: http:\/\/www.facebook.com\/policy.php. Por el mero hecho de usar esta red social y comunicarse con nosotros, autoriza que sus datos personales los utilicemos \u00fanicamente a trav\u00e9s de la plataforma de la mencionada red social con finalidades de gesti\u00f3n de nuestra p\u00e1gina profesional que mantenemos en este red social y de las comunicaciones que mantengamos de forma bidireccional con nuestros seguidores a trav\u00e9s del chat, mensajes u otros medios de comunicaci\u00f3n que permita Facebook ahora y en el futuro. As\u00ed pues, (1) trataremos sus datos dentro de esta red social para gestionar el listado de personas a las que les gusta nuestra p\u00e1gina en facebook y (2) es posible que recibas informaci\u00f3n relacionada con eventos, actividades y promociones. Fuera de estos supuestos no utilizaremos tus datos.<\/p>\n<p>&nbsp;<\/p>\n<p><strong>8.- Cookies y otros aspectos.<\/strong><\/p>\n<p>Esta web incluye un certificado SSL. Se trata de un protocolo de seguridad que hace que tus datos viajen de manera \u00edntegra y segura. En esta entidad hemos asumidos las medidas de seguridad apropiadas despu\u00e9s del correspondiente an\u00e1lisis de riesgos realizado. Entre dichas medidas de seguridad se incluye, en particular, la transmisi\u00f3n encriptada de datos entre su navegador y nuestro servidor.<\/p>\n<p>Como usuario, eres el \u00fanico responsable de la veracidad y correcci\u00f3n de los datos que remitas en este sitio web. El Titular no aceptar\u00e1 ning\u00fan tipo de responsabilidad al respecto, asegurando la exactitud, vigencia y autenticidad de los datos personales facilitados.<\/p>\n<p>Este Responsable del Tratamiento se reserva el derecho de modificar y\/o actualizar la informaci\u00f3n sobre protecci\u00f3n de datos cuando sea necesario para el correcto cumplimiento del Reglamento de Protecci\u00f3n de Datos. Si se produjera alguna modificaci\u00f3n, el nuevo texto ser\u00e1 publicado en esta p\u00e1gina, donde podr\u00e1 tener acceso a la pol\u00edtica actual. En cada caso, la relaci\u00f3n con los usuarios se regir\u00e1 por las normas previstas en el momento preciso en que se accede al web. A todos los efectos, se puede comprobar la vigencia del documento en el encabezado.<\/p>\n<p>El presente sitio web no genera cookies.[\/vc_column_text][\/vc_column][\/vc_row]<\/p>\n","protected":false},"excerpt":{"rendered":"<p>[vc_row][vc_column][vc_column_text]Ultima fecha de revisi\u00f3n: 4 octubre 2021 Creemos que tu privacidad es importante. Para el responsable de esta web, que leas y muestres inter\u00e9s en este apartado demuestra que tienes inter\u00e9s en la misma. Deber\u00edas hacerlo cada vez que visitas nuevos sitios web, especialmente si te van a solicitar datos personales. A continuaci\u00f3n, en este &hellip; <a href=\"https:\/\/logisticapatonyprieto.com\/?page_id=3960\" class=\"more-link\">Continue reading <span class=\"screen-reader-text\">Pol\u00edtica de Privacidad<\/span><\/a><\/p>\n","protected":false},"author":1,"featured_media":0,"parent":0,"menu_order":0,"comment_status":"closed","ping_status":"closed","template":"","meta":{"footnotes":""},"class_list":["post-3960","page","type-page","status-publish","hentry"],"_links":{"self":[{"href":"https:\/\/logisticapatonyprieto.com\/index.php?rest_route=\/wp\/v2\/pages\/3960","targetHints":{"allow":["GET"]}}],"collection":[{"href":"https:\/\/logisticapatonyprieto.com\/index.php?rest_route=\/wp\/v2\/pages"}],"about":[{"href":"https:\/\/logisticapatonyprieto.com\/index.php?rest_route=\/wp\/v2\/types\/page"}],"author":[{"embeddable":true,"href":"https:\/\/logisticapatonyprieto.com\/index.php?rest_route=\/wp\/v2\/users\/1"}],"replies":[{"embeddable":true,"href":"https:\/\/logisticapatonyprieto.com\/index.php?rest_route=%2Fwp%2Fv2%2Fcomments&post=3960"}],"version-history":[{"count":6,"href":"https:\/\/logisticapatonyprieto.com\/index.php?rest_route=\/wp\/v2\/pages\/3960\/revisions"}],"predecessor-version":[{"id":3991,"href":"https:\/\/logisticapatonyprieto.com\/index.php?rest_route=\/wp\/v2\/pages\/3960\/revisions\/3991"}],"wp:attachment":[{"href":"https:\/\/logisticapatonyprieto.com\/index.php?rest_route=%2Fwp%2Fv2%2Fmedia&parent=3960"}],"curies":[{"name":"wp","href":"https:\/\/api.w.org\/{rel}","templated":true}]}}